{"id":60,"date":"2024-07-09T11:10:57","date_gmt":"2024-07-09T11:10:57","guid":{"rendered":"https:\/\/reparm34.com\/?post_type=product&#038;p=60"},"modified":"2025-08-01T09:08:08","modified_gmt":"2025-08-01T09:08:08","slug":"silencieux-sak-cal-22lr-1-2x20","status":"publish","type":"product","link":"https:\/\/reparm34.com\/?product=silencieux-sak-cal-22lr-1-2x20","title":{"rendered":"Silencieux SAK Cal.22lr 1\/2&#215;20"},"content":{"rendered":"<div id=\"description\">\n<ul>\n<li>Syst\u00e8me de chicanes monobloc extr\u00eamement simple \u00e0 nettoyer.<\/li>\n<li>Gain de 28 \u00e0 33 dB<\/li>\n<li>Filetage\u00a0 1\/2 x 20 UNF.<\/li>\n<li>Fabrication finlandaise soign\u00e9e en aluminium a\u00e9ronautique anodis\u00e9 noir.<\/li>\n<li>D\u00e9montage simplifi\u00e9 pour le nettoyage : 3 pi\u00e8ces uniquement. Corps tubulaire usin\u00e9, chicanes monobloc portant le pas de vis du bouchon avant. Bouchon avant avec empreinte 2 pans parall\u00e8les pour prise avec une clef plate.<\/li>\n<li>Livr\u00e9 sous blister.<\/li>\n<\/ul>\n<\/div>\n<div id=\"bloc_ficheTechnique\">\n<div id=\"ficheTechnique\">\n<ul>\n<li>L&rsquo;un des plus efficace et certainement le plus simple d&rsquo;entretien de sa cat\u00e9gorie !<\/li>\n<li>Absence quasi totale de son avec des Winchester z long : le seul bruit audible est celui du percuteur et de l&rsquo;impact de la balle sur la cible !<\/li>\n<li>Aucune d\u00e9viation du projectile constat\u00e9 aux essais que ce soit avec des munitions subsoniques, des z long ou des hi speed.<\/li>\n<li>Egalement compatible avec les calibres 22 LR magnum, 17 MACH 2 et 17 HMR. Lors de l&rsquo;utilisation avec des munitions supersoniques, seul la d\u00e9tonation est att\u00e9nu\u00e9e, le &lsquo;bang&rsquo; supersonique reste mais ne permet pas de situer l&rsquo;origine du tir.<\/li>\n<li>Dimensions : l. 140,3 mm x d. 32 mm.<\/li>\n<li>Poids : environ 190 g.<\/li>\n<\/ul>\n<\/div>\n<div id=\"infos_pictos\">\n<div class=\"container-row \">\n<div class=\"infos_picto col-lg-2 col-md-4 col-sm-6\">\n<div class=\"image\">\n<div class=\"thumb\"><img decoding=\"async\" class=\"picto\" src=\"https:\/\/europarm.fr\/files\/photos-pictos\/mini1\/mini1-cal-22lr.png\" alt=\"Cal 22lr\" \/><\/div>\n<\/div>\n<div class=\"nom\">Cal 22lr<\/div>\n<\/div>\n<\/div>\n<\/div>\n<\/div>\n","protected":false},"excerpt":{"rendered":"<ul>\n<li><strong>Filetage :<\/strong> 1\/2&#215;20<\/li>\n<li><strong>Calibre :<\/strong> 22lr<\/li>\n<li><strong>Longueur :<\/strong> 147mm<\/li>\n<li><strong>Diam\u00e8tre :<\/strong> 34,4mm<\/li>\n<\/ul>\n","protected":false},"featured_media":273,"comment_status":"open","ping_status":"closed","template":"","meta":{"ocean_post_layout":"","ocean_both_sidebars_style":"","ocean_both_sidebars_content_width":0,"ocean_both_sidebars_sidebars_width":0,"ocean_sidebar":"0","ocean_second_sidebar":"0","ocean_disable_margins":"enable","ocean_add_body_class":"","ocean_shortcode_before_top_bar":"","ocean_shortcode_after_top_bar":"","ocean_shortcode_before_header":"","ocean_shortcode_after_header":"","ocean_has_shortcode":"","ocean_shortcode_after_title":"","ocean_shortcode_before_footer_widgets":"","ocean_shortcode_after_footer_widgets":"","ocean_shortcode_before_footer_bottom":"","ocean_shortcode_after_footer_bottom":"","ocean_display_top_bar":"default","ocean_display_header":"default","ocean_header_style":"","ocean_center_header_left_menu":"0","ocean_custom_header_template":"0","ocean_custom_logo":0,"ocean_custom_retina_logo":0,"ocean_custom_logo_max_width":0,"ocean_custom_logo_tablet_max_width":0,"ocean_custom_logo_mobile_max_width":0,"ocean_custom_logo_max_height":0,"ocean_custom_logo_tablet_max_height":0,"ocean_custom_logo_mobile_max_height":0,"ocean_header_custom_menu":"0","ocean_menu_typo_font_family":"0","ocean_menu_typo_font_subset":"","ocean_menu_typo_font_size":0,"ocean_menu_typo_font_size_tablet":0,"ocean_menu_typo_font_size_mobile":0,"ocean_menu_typo_font_size_unit":"px","ocean_menu_typo_font_weight":"","ocean_menu_typo_font_weight_tablet":"","ocean_menu_typo_font_weight_mobile":"","ocean_menu_typo_transform":"","ocean_menu_typo_transform_tablet":"","ocean_menu_typo_transform_mobile":"","ocean_menu_typo_line_height":0,"ocean_menu_typo_line_height_tablet":0,"ocean_menu_typo_line_height_mobile":0,"ocean_menu_typo_line_height_unit":"","ocean_menu_typo_spacing":0,"ocean_menu_typo_spacing_tablet":0,"ocean_menu_typo_spacing_mobile":0,"ocean_menu_typo_spacing_unit":"","ocean_menu_link_color":"","ocean_menu_link_color_hover":"","ocean_menu_link_color_active":"","ocean_menu_link_background":"","ocean_menu_link_hover_background":"","ocean_menu_link_active_background":"","ocean_menu_social_links_bg":"","ocean_menu_social_hover_links_bg":"","ocean_menu_social_links_color":"","ocean_menu_social_hover_links_color":"","ocean_disable_title":"default","ocean_disable_heading":"default","ocean_post_title":"","ocean_post_subheading":"","ocean_post_title_style":"","ocean_post_title_background_color":"","ocean_post_title_background":0,"ocean_post_title_bg_image_position":"","ocean_post_title_bg_image_attachment":"","ocean_post_title_bg_image_repeat":"","ocean_post_title_bg_image_size":"","ocean_post_title_height":0,"ocean_post_title_bg_overlay":0.5,"ocean_post_title_bg_overlay_color":"","ocean_disable_breadcrumbs":"default","ocean_breadcrumbs_color":"","ocean_breadcrumbs_separator_color":"","ocean_breadcrumbs_links_color":"","ocean_breadcrumbs_links_hover_color":"","ocean_display_footer_widgets":"default","ocean_display_footer_bottom":"default","ocean_custom_footer_template":"0"},"product_brand":[],"product_cat":[24,16,21],"product_tag":[],"class_list":{"0":"post-60","1":"product","2":"type-product","3":"status-publish","4":"has-post-thumbnail","6":"product_cat-accessoires","7":"product_cat-silencieux","8":"product_cat-silencieux-22lr","10":"entry","11":"has-media","13":"first","14":"instock","15":"shipping-taxable","16":"purchasable","17":"product-type-simple","18":"has-product-nav","19":"col","20":"span_1_of_4","21":"owp-content-center","22":"owp-thumbs-layout-horizontal","23":"owp-btn-normal","24":"owp-tabs-layout-horizontal"},"yoast_head":"<!-- This site is optimized with the Yoast SEO plugin v26.8 - https:\/\/yoast.com\/product\/yoast-seo-wordpress\/ -->\n<title>Silencieux SAK Cal.22lr 1\/2x20 - reparm34.com<\/title>\n<meta name=\"robots\" content=\"index, follow, max-snippet:-1, max-image-preview:large, max-video-preview:-1\" \/>\n<link rel=\"canonical\" href=\"https:\/\/reparm34.com\/?product=silencieux-sak-cal-22lr-1-2x20\" \/>\n<meta property=\"og:locale\" content=\"fr_FR\" \/>\n<meta property=\"og:type\" content=\"article\" \/>\n<meta property=\"og:title\" content=\"Silencieux SAK Cal.22lr 1\/2x20 - reparm34.com\" \/>\n<meta property=\"og:description\" content=\"Filetage : 1\/2x20  Calibre : 22lr  Longueur : 147mm  Diam\u00e8tre : 34,4mm\" \/>\n<meta property=\"og:url\" content=\"https:\/\/reparm34.com\/?product=silencieux-sak-cal-22lr-1-2x20\" \/>\n<meta property=\"og:site_name\" content=\"reparm34.com\" \/>\n<meta property=\"article:modified_time\" content=\"2025-08-01T09:08:08+00:00\" \/>\n<meta property=\"og:image\" content=\"https:\/\/reparm34.com\/wp-content\/uploads\/2024\/07\/1-1.jpg\" \/>\n\t<meta property=\"og:image:width\" content=\"576\" \/>\n\t<meta property=\"og:image:height\" content=\"576\" \/>\n\t<meta property=\"og:image:type\" content=\"image\/jpeg\" \/>\n<meta name=\"twitter:card\" content=\"summary_large_image\" \/>\n<meta name=\"twitter:label1\" content=\"Dur\u00e9e de lecture estim\u00e9e\" \/>\n\t<meta name=\"twitter:data1\" content=\"1 minute\" \/>\n<script type=\"application\/ld+json\" class=\"yoast-schema-graph\">{\"@context\":\"https:\/\/schema.org\",\"@graph\":[{\"@type\":\"WebPage\",\"@id\":\"https:\/\/reparm34.com\/?product=silencieux-sak-cal-22lr-1-2x20\",\"url\":\"https:\/\/reparm34.com\/?product=silencieux-sak-cal-22lr-1-2x20\",\"name\":\"Silencieux SAK Cal.22lr 1\/2x20 - reparm34.com\",\"isPartOf\":{\"@id\":\"https:\/\/reparm34.com\/#website\"},\"primaryImageOfPage\":{\"@id\":\"https:\/\/reparm34.com\/?product=silencieux-sak-cal-22lr-1-2x20#primaryimage\"},\"image\":{\"@id\":\"https:\/\/reparm34.com\/?product=silencieux-sak-cal-22lr-1-2x20#primaryimage\"},\"thumbnailUrl\":\"https:\/\/reparm34.com\/wp-content\/uploads\/2024\/07\/1-1.jpg\",\"datePublished\":\"2024-07-09T11:10:57+00:00\",\"dateModified\":\"2025-08-01T09:08:08+00:00\",\"breadcrumb\":{\"@id\":\"https:\/\/reparm34.com\/?product=silencieux-sak-cal-22lr-1-2x20#breadcrumb\"},\"inLanguage\":\"fr-FR\",\"potentialAction\":[{\"@type\":\"ReadAction\",\"target\":[\"https:\/\/reparm34.com\/?product=silencieux-sak-cal-22lr-1-2x20\"]}]},{\"@type\":\"ImageObject\",\"inLanguage\":\"fr-FR\",\"@id\":\"https:\/\/reparm34.com\/?product=silencieux-sak-cal-22lr-1-2x20#primaryimage\",\"url\":\"https:\/\/reparm34.com\/wp-content\/uploads\/2024\/07\/1-1.jpg\",\"contentUrl\":\"https:\/\/reparm34.com\/wp-content\/uploads\/2024\/07\/1-1.jpg\",\"width\":576,\"height\":576},{\"@type\":\"BreadcrumbList\",\"@id\":\"https:\/\/reparm34.com\/?product=silencieux-sak-cal-22lr-1-2x20#breadcrumb\",\"itemListElement\":[{\"@type\":\"ListItem\",\"position\":1,\"name\":\"Accueil\",\"item\":\"https:\/\/reparm34.com\/\"},{\"@type\":\"ListItem\",\"position\":2,\"name\":\"Produits\",\"item\":\"https:\/\/reparm34.com\/?post_type=product\"},{\"@type\":\"ListItem\",\"position\":3,\"name\":\"Silencieux SAK Cal.22lr 1\/2&#215;20\"}]},{\"@type\":\"WebSite\",\"@id\":\"https:\/\/reparm34.com\/#website\",\"url\":\"https:\/\/reparm34.com\/\",\"name\":\"reparm34.com\",\"description\":\"\",\"publisher\":{\"@id\":\"https:\/\/reparm34.com\/#organization\"},\"potentialAction\":[{\"@type\":\"SearchAction\",\"target\":{\"@type\":\"EntryPoint\",\"urlTemplate\":\"https:\/\/reparm34.com\/?s={search_term_string}\"},\"query-input\":{\"@type\":\"PropertyValueSpecification\",\"valueRequired\":true,\"valueName\":\"search_term_string\"}}],\"inLanguage\":\"fr-FR\"},{\"@type\":\"Organization\",\"@id\":\"https:\/\/reparm34.com\/#organization\",\"name\":\"reparm34.com\",\"url\":\"https:\/\/reparm34.com\/\",\"logo\":{\"@type\":\"ImageObject\",\"inLanguage\":\"fr-FR\",\"@id\":\"https:\/\/reparm34.com\/#\/schema\/logo\/image\/\",\"url\":\"https:\/\/reparm34.com\/wp-content\/uploads\/2024\/07\/cropped-logo-1.png\",\"contentUrl\":\"https:\/\/reparm34.com\/wp-content\/uploads\/2024\/07\/cropped-logo-1.png\",\"width\":310,\"height\":138,\"caption\":\"reparm34.com\"},\"image\":{\"@id\":\"https:\/\/reparm34.com\/#\/schema\/logo\/image\/\"}}]}<\/script>\n<!-- \/ Yoast SEO plugin. -->","yoast_head_json":{"title":"Silencieux SAK Cal.22lr 1\/2x20 - reparm34.com","robots":{"index":"index","follow":"follow","max-snippet":"max-snippet:-1","max-image-preview":"max-image-preview:large","max-video-preview":"max-video-preview:-1"},"canonical":"https:\/\/reparm34.com\/?product=silencieux-sak-cal-22lr-1-2x20","og_locale":"fr_FR","og_type":"article","og_title":"Silencieux SAK Cal.22lr 1\/2x20 - reparm34.com","og_description":"Filetage : 1\/2x20  Calibre : 22lr  Longueur : 147mm  Diam\u00e8tre : 34,4mm","og_url":"https:\/\/reparm34.com\/?product=silencieux-sak-cal-22lr-1-2x20","og_site_name":"reparm34.com","article_modified_time":"2025-08-01T09:08:08+00:00","og_image":[{"width":576,"height":576,"url":"https:\/\/reparm34.com\/wp-content\/uploads\/2024\/07\/1-1.jpg","type":"image\/jpeg"}],"twitter_card":"summary_large_image","twitter_misc":{"Dur\u00e9e de lecture estim\u00e9e":"1 minute"},"schema":{"@context":"https:\/\/schema.org","@graph":[{"@type":"WebPage","@id":"https:\/\/reparm34.com\/?product=silencieux-sak-cal-22lr-1-2x20","url":"https:\/\/reparm34.com\/?product=silencieux-sak-cal-22lr-1-2x20","name":"Silencieux SAK Cal.22lr 1\/2x20 - reparm34.com","isPartOf":{"@id":"https:\/\/reparm34.com\/#website"},"primaryImageOfPage":{"@id":"https:\/\/reparm34.com\/?product=silencieux-sak-cal-22lr-1-2x20#primaryimage"},"image":{"@id":"https:\/\/reparm34.com\/?product=silencieux-sak-cal-22lr-1-2x20#primaryimage"},"thumbnailUrl":"https:\/\/reparm34.com\/wp-content\/uploads\/2024\/07\/1-1.jpg","datePublished":"2024-07-09T11:10:57+00:00","dateModified":"2025-08-01T09:08:08+00:00","breadcrumb":{"@id":"https:\/\/reparm34.com\/?product=silencieux-sak-cal-22lr-1-2x20#breadcrumb"},"inLanguage":"fr-FR","potentialAction":[{"@type":"ReadAction","target":["https:\/\/reparm34.com\/?product=silencieux-sak-cal-22lr-1-2x20"]}]},{"@type":"ImageObject","inLanguage":"fr-FR","@id":"https:\/\/reparm34.com\/?product=silencieux-sak-cal-22lr-1-2x20#primaryimage","url":"https:\/\/reparm34.com\/wp-content\/uploads\/2024\/07\/1-1.jpg","contentUrl":"https:\/\/reparm34.com\/wp-content\/uploads\/2024\/07\/1-1.jpg","width":576,"height":576},{"@type":"BreadcrumbList","@id":"https:\/\/reparm34.com\/?product=silencieux-sak-cal-22lr-1-2x20#breadcrumb","itemListElement":[{"@type":"ListItem","position":1,"name":"Accueil","item":"https:\/\/reparm34.com\/"},{"@type":"ListItem","position":2,"name":"Produits","item":"https:\/\/reparm34.com\/?post_type=product"},{"@type":"ListItem","position":3,"name":"Silencieux SAK Cal.22lr 1\/2&#215;20"}]},{"@type":"WebSite","@id":"https:\/\/reparm34.com\/#website","url":"https:\/\/reparm34.com\/","name":"reparm34.com","description":"","publisher":{"@id":"https:\/\/reparm34.com\/#organization"},"potentialAction":[{"@type":"SearchAction","target":{"@type":"EntryPoint","urlTemplate":"https:\/\/reparm34.com\/?s={search_term_string}"},"query-input":{"@type":"PropertyValueSpecification","valueRequired":true,"valueName":"search_term_string"}}],"inLanguage":"fr-FR"},{"@type":"Organization","@id":"https:\/\/reparm34.com\/#organization","name":"reparm34.com","url":"https:\/\/reparm34.com\/","logo":{"@type":"ImageObject","inLanguage":"fr-FR","@id":"https:\/\/reparm34.com\/#\/schema\/logo\/image\/","url":"https:\/\/reparm34.com\/wp-content\/uploads\/2024\/07\/cropped-logo-1.png","contentUrl":"https:\/\/reparm34.com\/wp-content\/uploads\/2024\/07\/cropped-logo-1.png","width":310,"height":138,"caption":"reparm34.com"},"image":{"@id":"https:\/\/reparm34.com\/#\/schema\/logo\/image\/"}}]}},"_links":{"self":[{"href":"https:\/\/reparm34.com\/index.php?rest_route=\/wp\/v2\/product\/60","targetHints":{"allow":["GET"]}}],"collection":[{"href":"https:\/\/reparm34.com\/index.php?rest_route=\/wp\/v2\/product"}],"about":[{"href":"https:\/\/reparm34.com\/index.php?rest_route=\/wp\/v2\/types\/product"}],"replies":[{"embeddable":true,"href":"https:\/\/reparm34.com\/index.php?rest_route=%2Fwp%2Fv2%2Fcomments&post=60"}],"wp:featuredmedia":[{"embeddable":true,"href":"https:\/\/reparm34.com\/index.php?rest_route=\/wp\/v2\/media\/273"}],"wp:attachment":[{"href":"https:\/\/reparm34.com\/index.php?rest_route=%2Fwp%2Fv2%2Fmedia&parent=60"}],"wp:term":[{"taxonomy":"product_brand","embeddable":true,"href":"https:\/\/reparm34.com\/index.php?rest_route=%2Fwp%2Fv2%2Fproduct_brand&post=60"},{"taxonomy":"product_cat","embeddable":true,"href":"https:\/\/reparm34.com\/index.php?rest_route=%2Fwp%2Fv2%2Fproduct_cat&post=60"},{"taxonomy":"product_tag","embeddable":true,"href":"https:\/\/reparm34.com\/index.php?rest_route=%2Fwp%2Fv2%2Fproduct_tag&post=60"}],"curies":[{"name":"wp","href":"https:\/\/api.w.org\/{rel}","templated":true}]}}