{"id":11,"date":"2024-08-05T16:31:43","date_gmt":"2024-08-05T16:31:43","guid":{"rendered":"https:\/\/reparm34.com\/?page_id=11"},"modified":"2024-08-05T16:32:09","modified_gmt":"2024-08-05T16:32:09","slug":"mentions-legales","status":"publish","type":"page","link":"https:\/\/reparm34.com\/?page_id=11","title":{"rendered":"Mentions l\u00e9gales"},"content":{"rendered":"\n<p>Le site reparm34.com est \u00e9dit\u00e9 et h\u00e9berg\u00e9 par L&rsquo;armurerie Reparm34.<\/p>\n\n\n\n<p>7 avenue du g\u00e9n\u00e9ral de Gaulle 34700 Lod\u00e8ve &#8211; FRANCE<\/p>\n\n\n\n<p>&#8211;&nbsp;&nbsp;&nbsp;&nbsp; N\u00b0 inscription RCS et SIRET : 84076324700011 RCS de Montpellier<\/p>\n\n\n\n<p>&#8211;&nbsp;&nbsp;&nbsp;&nbsp; Adresse mail : reparm34@gmail.com<\/p>\n\n\n\n<p>&#8211;&nbsp;&nbsp;&nbsp;&nbsp; Profession r\u00e9glement\u00e9e : Le commerce d&rsquo;armes et munitions est r\u00e9glement\u00e9 par le Code de la S\u00e9curit\u00e9 Int\u00e9rieure.<\/p>\n\n\n\n<p>&#8211;&nbsp;&nbsp;&nbsp;&nbsp;&nbsp;&nbsp;&nbsp;&nbsp;&nbsp;&nbsp;&nbsp; Autorisation de fabrication et de commerce d&rsquo;armes, \u00e9l\u00e9ments d&rsquo;armes et munitions de<strong>&nbsp;cat\u00e9gorie A1 et B<\/strong>&nbsp;accord\u00e9e \u00e0 l&rsquo;ARMURERIE REPARM34 par le Minist\u00e8re de l&rsquo;int\u00e9rieur, Service Central des Armes, Place Beauveau, 75800 PARIS CEDEX 08<\/p>\n\n\n\n<p>&#8211;&nbsp;&nbsp;&nbsp;&nbsp;&nbsp;&nbsp;&nbsp;&nbsp;&nbsp;&nbsp;&nbsp; Autorisation de fabrication et de commerce d&rsquo;armes, \u00e9l\u00e9ments d&rsquo;armes et munitions de<strong>&nbsp;cat\u00e9gorie C et D<\/strong>&nbsp;accord\u00e9e \u00e0 l&rsquo;ARMURERIE REPARM34 par la Pr\u00e9fecture de Montpellier, DS\/BPPA\/ARMES, 34 place des martyrs de la r\u00e9sistance, 34062 Montpellier Cedex2<\/p>\n\n\n\n<p><strong>Licence et droits de reproduction<\/strong><\/p>\n\n\n\n<p><br>Par l&rsquo;acc\u00e8s au site, Armurerie Rep&rsquo;arm34 consent \u00e0 l&rsquo;utilisateur qui l&rsquo;accepte une licence dans les pr\u00e9sentes conditions. La licence conf\u00e8re \u00e0 l&rsquo;utilisateur un droit d&rsquo;usage priv\u00e9, non collectif et non exclusif, sur le contenu du site. Elle comprend le droit de reproduire, \u00e0 usage personnel, pour stockage aux fins de repr\u00e9sentation sur \u00e9cran monoposte et de reproduction, en un exemplaire, pour copie de sauvegarde ou tirage sur papier. Toute mise en r\u00e9seau, toute rediffusion, sous quelque forme, m\u00eame partielle, est donc interdite. Ce droit est personnel, il est r\u00e9serv\u00e9 \u00e0 l&rsquo;usage exclusif et non collectif du licenci\u00e9. Il n&rsquo;est transmissible en aucune mani\u00e8re. Tout autre usage est soumis \u00e0 autorisation pr\u00e9alable et expresse. La violation de ces dispositions imp\u00e9ratives soumet le contrevenant, et toutes personnes responsables, aux peines p\u00e9nales et civiles pr\u00e9vues par la loi. Pour toute information et demande de reproduction sur support \u00e9lectronique ou sur support papier, ou pour tout lien Internet souhait\u00e9 avec le site reparm34.com, contactez-nous par mail.<\/p>\n\n\n\n<p><strong>Informatique et libert\u00e9s &#8211; recommandations de la CNIL<\/strong><\/p>\n\n\n\n<p><br>Ce site (<a href=\"http:\/\/www.reparm34.com\" data-type=\"link\" data-id=\"www.reparm34.com\">www.reparm34.com<\/a>) a fait l&rsquo;objet d&rsquo;une d\u00e9claration des traitements automatis\u00e9s mis en \u0153uvre dans le cadre des sites internet aupr\u00e8s de la Commission nationale de l&rsquo;informatique et des libert\u00e9s (CNIL) en application des articles 15 et 16 de la loi 78-17 du 6 janvier 1978 relative \u00e0 l&rsquo;informatique, aux fichiers et aux libert\u00e9s. Vous disposez d&rsquo;un droit d&rsquo;acc\u00e8s, de modification, de rectification et de suppression des donn\u00e9es vous concernant. Vous pouvez l&rsquo;exercer :<\/p>\n\n\n\n<p>&#8211; soit en \u00e9crivant \u00e0 Armurerie Rep&rsquo;arm34 7 avenue du g\u00e9n\u00e9ral de Gaulle, 34700 Lod\u00e8ve &#8211; FRANCE<\/p>\n\n\n\n<p>&#8211; soit en adressant un mail : <a href=\"http:\/\/www.reparm34.com\">reparm34@gmail.com<\/a><\/p>\n\n\n\n<p><br>Les informations collect\u00e9es sont destin\u00e9es principalement \u00e0 l&rsquo;usage de Armurerie Rep&rsquo;arm34. Elles nous permettent de traiter votre demande, de vous proposer des prestations personnalis\u00e9es et de vous informer sur nos produits et services. Elles sont ainsi utilis\u00e9es \u00e0 des fins de fid\u00e9lisation, de gestion et d&rsquo;analyses statistiques. Soyez assur\u00e9s que nous collectons vos donn\u00e9es personnelles de fa\u00e7on loyale, et que nous les stockons de fa\u00e7on s\u00e9curis\u00e9e. Vos donn\u00e9es ne sont pas \u00e0 la disposition du public ou de tiers (\u00e0 l&rsquo;exception toutefois de nos prestataires techniques lorsqu&rsquo;ils interviennent sur nos machines, mais ils sont tenus aux m\u00eames obligations de confidentialit\u00e9 et de s\u00e9curit\u00e9 que nous). Pour assurer plus pleinement encore la s\u00e9curisation de vos donn\u00e9es (leur transmission entre votre ordinateur et nos machines n&rsquo;\u00e9tant pas, elle, s\u00e9curis\u00e9e), il vous appartient de conserver secrets vos mot de passe et pseudo. Pour en savoir plus :&nbsp;<a href=\"http:\/\/www.cnil.fr\/\">www.cnil.fr<\/a><\/p>\n\n\n\n<p><strong>Liens hypertextes et cookies<\/strong><\/p>\n\n\n\n<p><br>Le site reparm34.com contient un certain nombre de liens hypertextes vers d&rsquo;autres sites, mis en place avec l&rsquo;autorisation de reparm34.com.<\/p>\n\n\n\n<p>Mais reparm34.com n&rsquo;a pas la possibilit\u00e9 de v\u00e9rifier le contenu des sites ainsi visit\u00e9s, et n&rsquo;assumera en cons\u00e9quence aucune responsabilit\u00e9 de ce fait.<\/p>\n\n\n\n<p><br>Le site reparm34.com utilise des traceurs (cookies). Ainsi, le site est susceptible d&rsquo;acc\u00e9der \u00e0 des informations d\u00e9j\u00e0 stock\u00e9es dans votre \u00e9quipement terminal de communications \u00e9lectroniques et d&rsquo;y inscrire des informations.<\/p>\n\n\n\n<p><br>Que sont les cookies ?<\/p>\n\n\n\n<p>Un cookie est un fichier de petite taille, qui ne permet pas l&rsquo;identification de l&rsquo;utilisateur, mais qui enregistre des informations relatives \u00e0 la navigation d&rsquo;un ordinateur sur un site. Les donn\u00e9es ainsi obtenues visent \u00e0 faciliter la navigation ult\u00e9rieure sur le site, et ont \u00e9galement vocation \u00e0 permettre diverses mesures de fr\u00e9quentation.<\/p>\n\n\n\n<p>reparm34.com comme d&rsquo;autres acteurs du web peuvent placer des cookies.<\/p>\n\n\n\n<p><br>Combien de temps durent les cookies ?<\/p>\n\n\n\n<p>La plupart des cookies reparm34.com disparaissent lorsque vous fermez votre navigateur internet. Certains cookies peuvent rester actifs plusieurs jours voir plusieurs ann\u00e9es. Vous pouvez d\u00e9cider vous-m\u00eame \u00e0 tout moment de les supprimer via votre navigateur.<\/p>\n\n\n\n<p><br>Supprimer les cookies ou les d\u00e9sactiver<\/p>\n\n\n\n<p>Les cookies peuvent toujours \u00eatre g\u00e9r\u00e9s via les param\u00e8tres de votre navigateur internet pour les supprimer ou les d\u00e9sactiver. Merci de bien noter que la plupart des sites Web ne fonctionnent plus correctement si vous choisissez de d\u00e9sactiver les cookies.<\/p>\n\n\n\n<p><strong>Responsabilit\u00e9s<\/strong><\/p>\n\n\n\n<p><br>L&rsquo;Armurerie Rep&rsquo;arm34 ne saurait \u00eatre tenue responsable :<\/p>\n\n\n\n<p><br>&#8211; des dommages de toute nature, directs ou indirects r\u00e9sultant du contenu et\/ou de l&rsquo;acc\u00e8s et\/ou de l&rsquo;utilisation du site (et\/ou des sites qui lui sont li\u00e9s), incluant notamment mais non limitativement toute perte d&rsquo;exploitation, financi\u00e8re ou commerciale, perte de programmes et\/ou de donn\u00e9es, toutes d\u00e9t\u00e9riorations ou virus qui pourraient infecter l&rsquo;\u00e9quipement informatique ou tout autre bien de l&rsquo;utilisateur du site,<\/p>\n\n\n\n<p><br>&#8211; des probl\u00e8mes techniques ou autres rendant l&rsquo;acc\u00e8s au site (et\/ou aux sites lui \u00e9tant li\u00e9s) difficile, al\u00e9atoire, voire impossible, et ce quelles qu&rsquo;en soient l&rsquo;origine et la provenance,<\/p>\n\n\n\n<p><br>&#8211; du contenu des informations pr\u00e9sent\u00e9es sur le site, de leur interpr\u00e9tation et plus g\u00e9n\u00e9ralement des erreurs ou omissions que pourrait contenir le site, bien que l&rsquo;Armurerie Rep&rsquo;arm34 s&rsquo;efforce de diffuser des informations pr\u00e9cises et de les mettre \u00e0 jour.<\/p>\n\n\n\n<p><strong>Modifications \/ mises \u00e0 jour :<\/strong><\/p>\n\n\n\n<p><br>L&rsquo;Armurerie Rep&rsquo;arm34 se r\u00e9serve le droit \u00e0 tout moment et sans pr\u00e9avis :<\/p>\n\n\n\n<p>&#8211; de modifier ou mettre \u00e0 jour les informations publi\u00e9es sur le site et le site lui-m\u00eame,<\/p>\n\n\n\n<p>&#8211; de modifier et de fa\u00e7on plus g\u00e9n\u00e9rale d&rsquo;actualiser les pr\u00e9sentes informations et conditions d&rsquo;utilisation. C&rsquo;est pourquoi nous vous invitons \u00e0 les consulter r\u00e9guli\u00e8rement.<\/p>\n\n\n\n<p><strong>Responsabilit\u00e9 de l&rsquo;utilisateur du site :<\/strong><\/p>\n\n\n\n<p><br>L&rsquo;utilisateur du site est responsable de tous dommages caus\u00e9s \u00e0 tout tiers y compris \u00e0 Armurerie Rep&rsquo;arm34, du fait de l&rsquo;utilisation ou de l&rsquo;exploitation illicite du site lui-m\u00eame et\/ou de l&rsquo;un de ses \u00e9l\u00e9ments, et garantit Armurerie Rep&rsquo;arm34 des cons\u00e9quences des r\u00e9clamations ou actions dont elle pourrait, de ce fait, faire l&rsquo;objet. L&rsquo;utilisateur du site renonce \u00e9galement \u00e0 exercer tout recours contre Armurerie Rep&rsquo;arm34 dans le cas de poursuites diligent\u00e9es par un tiers \u00e0 son encontre du fait de l&rsquo;utilisation et\/ou de l&rsquo;exploitation illicite du site.<\/p>\n","protected":false},"excerpt":{"rendered":"<p>Le site reparm34.com est \u00e9dit\u00e9 et h\u00e9berg\u00e9 par L&rsquo;armurerie Reparm34. 7 avenue du g\u00e9n\u00e9ral de Gaulle 34700 Lod\u00e8ve &#8211; FRANCE &#8211;&nbsp;&nbsp;&nbsp;&nbsp; N\u00b0 inscription RCS et SIRET : 84076324700011 RCS de Montpellier &#8211;&nbsp;&nbsp;&nbsp;&nbsp; Adresse mail : reparm34@gmail.com &#8211;&nbsp;&nbsp;&nbsp;&nbsp; Profession r\u00e9glement\u00e9e : Le commerce d&rsquo;armes et munitions est r\u00e9glement\u00e9 par le Code de la S\u00e9curit\u00e9 Int\u00e9rieure. &#8211;&nbsp;&nbsp;&nbsp;&nbsp;&nbsp;&nbsp;&nbsp;&nbsp;&nbsp;&nbsp;&nbsp; [&hellip;]<\/p>\n","protected":false},"author":1,"featured_media":0,"parent":0,"menu_order":0,"comment_status":"closed","ping_status":"closed","template":"","meta":{"ocean_post_layout":"","ocean_both_sidebars_style":"","ocean_both_sidebars_content_width":0,"ocean_both_sidebars_sidebars_width":0,"ocean_sidebar":"","ocean_second_sidebar":"","ocean_disable_margins":"enable","ocean_add_body_class":"","ocean_shortcode_before_top_bar":"","ocean_shortcode_after_top_bar":"","ocean_shortcode_before_header":"","ocean_shortcode_after_header":"","ocean_has_shortcode":"","ocean_shortcode_after_title":"","ocean_shortcode_before_footer_widgets":"","ocean_shortcode_after_footer_widgets":"","ocean_shortcode_before_footer_bottom":"","ocean_shortcode_after_footer_bottom":"","ocean_display_top_bar":"default","ocean_display_header":"default","ocean_header_style":"","ocean_center_header_left_menu":"","ocean_custom_header_template":"","ocean_custom_logo":0,"ocean_custom_retina_logo":0,"ocean_custom_logo_max_width":0,"ocean_custom_logo_tablet_max_width":0,"ocean_custom_logo_mobile_max_width":0,"ocean_custom_logo_max_height":0,"ocean_custom_logo_tablet_max_height":0,"ocean_custom_logo_mobile_max_height":0,"ocean_header_custom_menu":"","ocean_menu_typo_font_family":"","ocean_menu_typo_font_subset":"","ocean_menu_typo_font_size":0,"ocean_menu_typo_font_size_tablet":0,"ocean_menu_typo_font_size_mobile":0,"ocean_menu_typo_font_size_unit":"px","ocean_menu_typo_font_weight":"","ocean_menu_typo_font_weight_tablet":"","ocean_menu_typo_font_weight_mobile":"","ocean_menu_typo_transform":"","ocean_menu_typo_transform_tablet":"","ocean_menu_typo_transform_mobile":"","ocean_menu_typo_line_height":0,"ocean_menu_typo_line_height_tablet":0,"ocean_menu_typo_line_height_mobile":0,"ocean_menu_typo_line_height_unit":"","ocean_menu_typo_spacing":0,"ocean_menu_typo_spacing_tablet":0,"ocean_menu_typo_spacing_mobile":0,"ocean_menu_typo_spacing_unit":"","ocean_menu_link_color":"","ocean_menu_link_color_hover":"","ocean_menu_link_color_active":"","ocean_menu_link_background":"","ocean_menu_link_hover_background":"","ocean_menu_link_active_background":"","ocean_menu_social_links_bg":"","ocean_menu_social_hover_links_bg":"","ocean_menu_social_links_color":"","ocean_menu_social_hover_links_color":"","ocean_disable_title":"default","ocean_disable_heading":"default","ocean_post_title":"","ocean_post_subheading":"","ocean_post_title_style":"","ocean_post_title_background_color":"","ocean_post_title_background":0,"ocean_post_title_bg_image_position":"","ocean_post_title_bg_image_attachment":"","ocean_post_title_bg_image_repeat":"","ocean_post_title_bg_image_size":"","ocean_post_title_height":0,"ocean_post_title_bg_overlay":0.5,"ocean_post_title_bg_overlay_color":"","ocean_disable_breadcrumbs":"default","ocean_breadcrumbs_color":"","ocean_breadcrumbs_separator_color":"","ocean_breadcrumbs_links_color":"","ocean_breadcrumbs_links_hover_color":"","ocean_display_footer_widgets":"default","ocean_display_footer_bottom":"default","ocean_custom_footer_template":"","footnotes":""},"class_list":["post-11","page","type-page","status-publish","hentry","entry","owp-thumbs-layout-horizontal","owp-btn-normal","owp-tabs-layout-horizontal","has-no-thumbnails","has-product-nav"],"yoast_head":"<!-- This site is optimized with the Yoast SEO plugin v26.8 - https:\/\/yoast.com\/product\/yoast-seo-wordpress\/ -->\n<title>Mentions l\u00e9gales - reparm34.com<\/title>\n<meta name=\"robots\" content=\"index, follow, max-snippet:-1, max-image-preview:large, max-video-preview:-1\" \/>\n<link rel=\"canonical\" href=\"https:\/\/reparm34.com\/?page_id=11\" \/>\n<meta property=\"og:locale\" content=\"fr_FR\" \/>\n<meta property=\"og:type\" content=\"article\" \/>\n<meta property=\"og:title\" content=\"Mentions l\u00e9gales - reparm34.com\" \/>\n<meta property=\"og:description\" content=\"Le site reparm34.com est \u00e9dit\u00e9 et h\u00e9berg\u00e9 par L&rsquo;armurerie Reparm34. 7 avenue du g\u00e9n\u00e9ral de Gaulle 34700 Lod\u00e8ve &#8211; FRANCE &#8211;&nbsp;&nbsp;&nbsp;&nbsp; N\u00b0 inscription RCS et SIRET : 84076324700011 RCS de Montpellier &#8211;&nbsp;&nbsp;&nbsp;&nbsp; Adresse mail : reparm34@gmail.com &#8211;&nbsp;&nbsp;&nbsp;&nbsp; Profession r\u00e9glement\u00e9e : Le commerce d&rsquo;armes et munitions est r\u00e9glement\u00e9 par le Code de la S\u00e9curit\u00e9 Int\u00e9rieure. &#8211;&nbsp;&nbsp;&nbsp;&nbsp;&nbsp;&nbsp;&nbsp;&nbsp;&nbsp;&nbsp;&nbsp; [&hellip;]\" \/>\n<meta property=\"og:url\" content=\"https:\/\/reparm34.com\/?page_id=11\" \/>\n<meta property=\"og:site_name\" content=\"reparm34.com\" \/>\n<meta property=\"article:modified_time\" content=\"2024-08-05T16:32:09+00:00\" \/>\n<meta name=\"twitter:card\" content=\"summary_large_image\" \/>\n<meta name=\"twitter:label1\" content=\"Dur\u00e9e de lecture estim\u00e9e\" \/>\n\t<meta name=\"twitter:data1\" content=\"6 minutes\" \/>\n<script type=\"application\/ld+json\" class=\"yoast-schema-graph\">{\"@context\":\"https:\/\/schema.org\",\"@graph\":[{\"@type\":\"WebPage\",\"@id\":\"https:\/\/reparm34.com\/?page_id=11\",\"url\":\"https:\/\/reparm34.com\/?page_id=11\",\"name\":\"Mentions l\u00e9gales - reparm34.com\",\"isPartOf\":{\"@id\":\"https:\/\/reparm34.com\/#website\"},\"datePublished\":\"2024-08-05T16:31:43+00:00\",\"dateModified\":\"2024-08-05T16:32:09+00:00\",\"breadcrumb\":{\"@id\":\"https:\/\/reparm34.com\/?page_id=11#breadcrumb\"},\"inLanguage\":\"fr-FR\",\"potentialAction\":[{\"@type\":\"ReadAction\",\"target\":[\"https:\/\/reparm34.com\/?page_id=11\"]}]},{\"@type\":\"BreadcrumbList\",\"@id\":\"https:\/\/reparm34.com\/?page_id=11#breadcrumb\",\"itemListElement\":[{\"@type\":\"ListItem\",\"position\":1,\"name\":\"Accueil\",\"item\":\"https:\/\/reparm34.com\/\"},{\"@type\":\"ListItem\",\"position\":2,\"name\":\"Mentions l\u00e9gales\"}]},{\"@type\":\"WebSite\",\"@id\":\"https:\/\/reparm34.com\/#website\",\"url\":\"https:\/\/reparm34.com\/\",\"name\":\"reparm34.com\",\"description\":\"\",\"publisher\":{\"@id\":\"https:\/\/reparm34.com\/#organization\"},\"potentialAction\":[{\"@type\":\"SearchAction\",\"target\":{\"@type\":\"EntryPoint\",\"urlTemplate\":\"https:\/\/reparm34.com\/?s={search_term_string}\"},\"query-input\":{\"@type\":\"PropertyValueSpecification\",\"valueRequired\":true,\"valueName\":\"search_term_string\"}}],\"inLanguage\":\"fr-FR\"},{\"@type\":\"Organization\",\"@id\":\"https:\/\/reparm34.com\/#organization\",\"name\":\"reparm34.com\",\"url\":\"https:\/\/reparm34.com\/\",\"logo\":{\"@type\":\"ImageObject\",\"inLanguage\":\"fr-FR\",\"@id\":\"https:\/\/reparm34.com\/#\/schema\/logo\/image\/\",\"url\":\"https:\/\/reparm34.com\/wp-content\/uploads\/2024\/07\/cropped-logo-1.png\",\"contentUrl\":\"https:\/\/reparm34.com\/wp-content\/uploads\/2024\/07\/cropped-logo-1.png\",\"width\":310,\"height\":138,\"caption\":\"reparm34.com\"},\"image\":{\"@id\":\"https:\/\/reparm34.com\/#\/schema\/logo\/image\/\"}}]}<\/script>\n<!-- \/ Yoast SEO plugin. -->","yoast_head_json":{"title":"Mentions l\u00e9gales - reparm34.com","robots":{"index":"index","follow":"follow","max-snippet":"max-snippet:-1","max-image-preview":"max-image-preview:large","max-video-preview":"max-video-preview:-1"},"canonical":"https:\/\/reparm34.com\/?page_id=11","og_locale":"fr_FR","og_type":"article","og_title":"Mentions l\u00e9gales - reparm34.com","og_description":"Le site reparm34.com est \u00e9dit\u00e9 et h\u00e9berg\u00e9 par L&rsquo;armurerie Reparm34. 7 avenue du g\u00e9n\u00e9ral de Gaulle 34700 Lod\u00e8ve &#8211; FRANCE &#8211;&nbsp;&nbsp;&nbsp;&nbsp; N\u00b0 inscription RCS et SIRET : 84076324700011 RCS de Montpellier &#8211;&nbsp;&nbsp;&nbsp;&nbsp; Adresse mail : reparm34@gmail.com &#8211;&nbsp;&nbsp;&nbsp;&nbsp; Profession r\u00e9glement\u00e9e : Le commerce d&rsquo;armes et munitions est r\u00e9glement\u00e9 par le Code de la S\u00e9curit\u00e9 Int\u00e9rieure. &#8211;&nbsp;&nbsp;&nbsp;&nbsp;&nbsp;&nbsp;&nbsp;&nbsp;&nbsp;&nbsp;&nbsp; [&hellip;]","og_url":"https:\/\/reparm34.com\/?page_id=11","og_site_name":"reparm34.com","article_modified_time":"2024-08-05T16:32:09+00:00","twitter_card":"summary_large_image","twitter_misc":{"Dur\u00e9e de lecture estim\u00e9e":"6 minutes"},"schema":{"@context":"https:\/\/schema.org","@graph":[{"@type":"WebPage","@id":"https:\/\/reparm34.com\/?page_id=11","url":"https:\/\/reparm34.com\/?page_id=11","name":"Mentions l\u00e9gales - reparm34.com","isPartOf":{"@id":"https:\/\/reparm34.com\/#website"},"datePublished":"2024-08-05T16:31:43+00:00","dateModified":"2024-08-05T16:32:09+00:00","breadcrumb":{"@id":"https:\/\/reparm34.com\/?page_id=11#breadcrumb"},"inLanguage":"fr-FR","potentialAction":[{"@type":"ReadAction","target":["https:\/\/reparm34.com\/?page_id=11"]}]},{"@type":"BreadcrumbList","@id":"https:\/\/reparm34.com\/?page_id=11#breadcrumb","itemListElement":[{"@type":"ListItem","position":1,"name":"Accueil","item":"https:\/\/reparm34.com\/"},{"@type":"ListItem","position":2,"name":"Mentions l\u00e9gales"}]},{"@type":"WebSite","@id":"https:\/\/reparm34.com\/#website","url":"https:\/\/reparm34.com\/","name":"reparm34.com","description":"","publisher":{"@id":"https:\/\/reparm34.com\/#organization"},"potentialAction":[{"@type":"SearchAction","target":{"@type":"EntryPoint","urlTemplate":"https:\/\/reparm34.com\/?s={search_term_string}"},"query-input":{"@type":"PropertyValueSpecification","valueRequired":true,"valueName":"search_term_string"}}],"inLanguage":"fr-FR"},{"@type":"Organization","@id":"https:\/\/reparm34.com\/#organization","name":"reparm34.com","url":"https:\/\/reparm34.com\/","logo":{"@type":"ImageObject","inLanguage":"fr-FR","@id":"https:\/\/reparm34.com\/#\/schema\/logo\/image\/","url":"https:\/\/reparm34.com\/wp-content\/uploads\/2024\/07\/cropped-logo-1.png","contentUrl":"https:\/\/reparm34.com\/wp-content\/uploads\/2024\/07\/cropped-logo-1.png","width":310,"height":138,"caption":"reparm34.com"},"image":{"@id":"https:\/\/reparm34.com\/#\/schema\/logo\/image\/"}}]}},"_links":{"self":[{"href":"https:\/\/reparm34.com\/index.php?rest_route=\/wp\/v2\/pages\/11","targetHints":{"allow":["GET"]}}],"collection":[{"href":"https:\/\/reparm34.com\/index.php?rest_route=\/wp\/v2\/pages"}],"about":[{"href":"https:\/\/reparm34.com\/index.php?rest_route=\/wp\/v2\/types\/page"}],"author":[{"embeddable":true,"href":"https:\/\/reparm34.com\/index.php?rest_route=\/wp\/v2\/users\/1"}],"replies":[{"embeddable":true,"href":"https:\/\/reparm34.com\/index.php?rest_route=%2Fwp%2Fv2%2Fcomments&post=11"}],"version-history":[{"count":7,"href":"https:\/\/reparm34.com\/index.php?rest_route=\/wp\/v2\/pages\/11\/revisions"}],"predecessor-version":[{"id":309,"href":"https:\/\/reparm34.com\/index.php?rest_route=\/wp\/v2\/pages\/11\/revisions\/309"}],"wp:attachment":[{"href":"https:\/\/reparm34.com\/index.php?rest_route=%2Fwp%2Fv2%2Fmedia&parent=11"}],"curies":[{"name":"wp","href":"https:\/\/api.w.org\/{rel}","templated":true}]}}